{"id":3,"date":"2023-08-17T00:07:31","date_gmt":"2023-08-16T22:07:31","guid":{"rendered":"http:\/\/tienda.csisantafe.com\/?page_id=3"},"modified":"2023-09-28T18:40:52","modified_gmt":"2023-09-28T16:40:52","slug":"politica-privacidad","status":"publish","type":"page","link":"https:\/\/tienda.csisantafe.com\/?page_id=3","title":{"rendered":"Pol\u00edtica de privacidad"},"content":{"rendered":"\n<p>En la Pol\u00edtica de Privacidad le informaremos con total transparencia sobre la finalidad de este sitio web y todo lo que afecta a los datos que nos facilite, as\u00ed como de las obligaciones y derechos que le corresponden.&nbsp;<\/p>\n\n\n\n<p>Este sitio web se adapta a la normativa vigente en relaci\u00f3n con la protecci\u00f3n de datos, lo que afecta a los datos personales que nos facilite con su consentimiento expreso y a las cookies que utilizamos para que este sitio web funcione correctamente y pueda desarrollar su actividad.&nbsp;<\/p>\n\n\n\n<p>Concretamente, esta web se ajusta al cumplimiento de las siguientes normativas:&nbsp;<\/p>\n\n\n\n<ul>\n<li>El RGPD (Reglamento (UE) 2016\/679 del Parlamento Europeo y del Consejo de 27 de abril de 2016 relativo a la protecci\u00f3n de las personas f\u00edsicas) que es la normativa de la Uni\u00f3n Europea que unifica la regulaci\u00f3n del tratamiento de los datos personales en los distintos pa\u00edses de la UE.&nbsp;<\/li>\n\n\n\n<li>La LOPD (Ley Org\u00e1nica 15\/1999, de 13 de diciembre, de Protecci\u00f3n de Datos de Car\u00e1cter Personal y Real Decreto 1720\/2007, de 21 de diciembre, el Reglamento de desarrollo de la LOPD) que regula el tratamiento de los datos personales y las obligaciones que debemos asumir los responsables de una web o un blog a la hora de gestionar esta informaci\u00f3n.&nbsp;<\/li>\n\n\n\n<li>La LSSI (Ley 34\/2002, de 11 de julio, de Servicios de la Sociedad de la Informaci\u00f3n y Comercio Electr\u00f3nico) que regula las transacciones econ\u00f3micas mediante medios electr\u00f3nicos, como es el caso de esta web.&nbsp;<\/li>\n\n\n\n<li>Ley 149\/2022 \u201cDe Protecci\u00f3n de Datos Personales\u201d de 25 de agosto de 2022, que garantiza el derecho de las personas a la protecci\u00f3n de sus datos personales, que regula el uso y tratamiento de estos por parte de las personas o entidades p\u00fablicas y privadas, as\u00ed como de la informaci\u00f3n de car\u00e1cter p\u00fablico y contribuye a promover, fomentar y difundir una cultura sobre su protecci\u00f3n en la sociedad.\u202f\u202f&nbsp;<\/li>\n\n\n\n<li>Resoluci\u00f3n 58\/2022 \u201cReglamento para la Seguridad y protecci\u00f3n de los Datos Personales en Soporte Electr\u00f3nico\u201d que establece los requerimientos para la seguridad y protecci\u00f3n de los datos personales en soporte electr\u00f3nico.&nbsp;<\/li>\n<\/ul>\n\n\n\n<p><strong>Datos de identificaci\u00f3n<\/strong>&nbsp;<\/p>\n\n\n\n<p>El responsable y titular de este sitio web es CSI SANTA F\u00c9&nbsp;<\/p>\n\n\n\n<ul>\n<li>Nombre: CSI SANTA F\u00c9 S.R.L.&nbsp;<\/li>\n\n\n\n<li>NIT: 50004171045&nbsp;<\/li>\n\n\n\n<li>Domicilio Social: Calle 3ra A #29819 entre 298 y 300 Santa F\u00e9, Playa.\u202f&nbsp;<\/li>\n\n\n\n<li>Actividad del sitio web: Comercio electr\u00f3nico<\/li>\n\n\n\n<li>Correo electr\u00f3nico: info@csisantafe.com&nbsp;<\/li>\n<\/ul>\n\n\n\n<p>Los datos que nos facilite con su consentimiento y de acuerdo al uso establecido en esta Pol\u00edtica de Privacidad, ser\u00e1n incorporados a un fichero automatizado debidamente inscrito en la Agencia de Protecci\u00f3n de Datos Internacionales, en el que el responsable de dicho fichero es: CSI SANTA F\u00c9, lo que quiere decir que sus datos est\u00e1n seguros, de acuerdo a lo que establece la ley. Sus datos se almacenar\u00e1n y tratar\u00e1n con los fines previstos y descritos a continuaci\u00f3n en esta Pol\u00edtica de Privacidad, hasta el momento en que nos pida que los eliminemos.&nbsp;<\/p>\n\n\n\n<p>Le informamos que esta Pol\u00edtica de Privacidad puede ser modificada en cualquier momento, con el fin de adaptarla a novedades legislativas o cambios en nuestras actividades, siendo vigente la que en cada momento se encuentre publicada en la web. Dicha modificaci\u00f3n se le notificar\u00e1 antes de su aplicaci\u00f3n.&nbsp;<\/p>\n\n\n\n<p><strong>Condiciones de uso<\/strong>&nbsp;<\/p>\n\n\n\n<p>Debe saber que siempre le solicitaremos su consentimiento expreso para recoger sus datos con la correspondiente finalidad especificada en cada caso, lo que implica que, en si otorga ese consentimiento es porque ha le\u00eddo y aceptado esta Pol\u00edtica de Privacidad.\u00a0En el momento en que acceda y utilice esta web, asume su condici\u00f3n de usuario con sus correspondientes derechos y obligaciones.\u00a0<\/p>\n\n\n\n<p>Si es mayor de 16 a\u00f1os, podr\u00e1 registrarse como usuario en este sitio web sin el previo consentimiento de sus padres o tutores.\u00a0Si es menor de 16 a\u00f1os, necesitar\u00e1 el consentimiento de sus padres o tutores para el tratamiento de sus datos personales.\u00a0<\/p>\n\n\n\n<p><strong>Registro y finalidad de sus datos<\/strong>&nbsp;<\/p>\n\n\n\n<p>En funci\u00f3n del formulario o secci\u00f3n a la que acceda, le solicitaremos exclusivamente los datos necesarios con las finalidades descritas a continuaci\u00f3n. En todo momento, deber\u00e1 dar su consentimiento expreso, cuando le solicitemos informaci\u00f3n personal con las siguientes finalidades:&nbsp;<\/p>\n\n\n\n<ul>\n<li>Las finalidades concretas que particularmente se indiquen en cada una de las p\u00e1ginas o secciones donde aparezca el formulario de registro o contacto electr\u00f3nico.&nbsp;<\/li>\n\n\n\n<li>Gestionar los datos para tramitar sus pedidos de compra on-line.&nbsp;<\/li>\n\n\n\n<li>Con car\u00e1cter general, para atender sus solicitudes, comentarios, consultas o cualquier tipo de petici\u00f3n que realice como usuario a trav\u00e9s de cualquiera de las formas de contacto que ponemos a su disposici\u00f3n&nbsp;<\/li>\n\n\n\n<li>Para informarle sobre consultas, peticiones, actividades, productos, novedades y\/o servicios; v\u00eda e-mail, fax, Whatsapp, Skype, tel\u00e9fono proporcionado, sms y mms.&nbsp;<\/li>\n\n\n\n<li>Para enviarle comunicaciones comerciales o publicitarias a trav\u00e9s de cualquier otro medio electr\u00f3nico o f\u00edsico, que posibilite realizar comunicaciones.&nbsp;<\/li>\n<\/ul>\n\n\n\n<p>Estas comunicaciones, siempre ser\u00e1n relacionadas con nuestros productos, servicios, novedades o promociones, as\u00ed como aquellos productos o servicios que podamos considerar de su inter\u00e9s y que puedan ofrecer colaboradores, empresas o \u201cpartners\u201d con los que mantengamos acuerdos de promoci\u00f3n o colaboraci\u00f3n comercial.&nbsp;<\/p>\n\n\n\n<p>De ser as\u00ed, le garantizamos que estos terceros nunca tendr\u00e1n acceso a sus datos personales, con las excepciones reflejadas en la secci\u00f3n ACCESO A DATOS POR CUENTA DE TERCEROS, que se localiza m\u00e1s abajo en este documento. Siendo en todo caso estas comunicaciones realizadas por parte de <strong>CSI Santa F\u00e9<\/strong>, como titular de la web.&nbsp;<\/p>\n\n\n\n<p><strong>Acceso a datos por cuenta de terceros<\/strong>&nbsp;<\/p>\n\n\n\n<p>Para poder prestar servicios estrictamente necesarios para el funcionamiento y desarrollo de las actividades de este sitio web, le informamos que compartimos datos con los siguientes prestadores de servicio bajo sus correspondientes condiciones de privacidad.&nbsp;<\/p>\n\n\n\n<p>Puede tener la total tranquilidad de que estos terceros no podr\u00e1n utilizar dicha informaci\u00f3n para ning\u00fan otro fin que no est\u00e9 regulado espec\u00edficamente en nuestras relaciones con ellos, en virtud de la normativa aplicable en materia de protecci\u00f3n de datos de car\u00e1cter personal.&nbsp;<\/p>\n\n\n\n<p><strong><em>Hostinger<\/em><\/strong>&nbsp;<\/p>\n\n\n\n<p>Este sitio web est\u00e1 alojado en https:\/\/hostinger.com\/ con marca comercial Hostinger, que proporciona los servicios de hosting para que pueda acceder y navegar por nuestro sitio.\u00a0\u00a0<\/p>\n\n\n\n<p>Nuestra web utiliza servidores publicitarios con el fin de facilitar los contenidos comerciales que visualiza en nuestras p\u00e1ginas. Dichos servidores publicitarios, que se relacionan a continuaci\u00f3n,&nbsp; utilizan cookies que le permiten adaptar los contenidos publicitarios a los perfiles demogr\u00e1ficos de los usuarios:&nbsp;<\/p>\n\n\n\n<ul>\n<li>Google Analytics:&nbsp;<\/li>\n\n\n\n<li>Google Analytics es un servicio anal\u00edtico de web prestado por Google, Inc., una compa\u00f1\u00eda de Delaware cuya oficina principal est\u00e1 en 1600 Amphitheatre Parkway, Mountain View (California), CA 94043, Estados Unidos (\u201cGoogle\u201d).<\/li>\n\n\n\n<li>Google Analytics utiliza \u201ccookies\u201d, que son archivos de texto ubicados en su ordenador, para ayudar al website a analizar el uso que hacen los usuarios del sitio web.&nbsp;<\/li>\n<\/ul>\n\n\n\n<p>La informaci\u00f3n que genera la cookie acerca de su uso del website (incluyendo su direcci\u00f3n IP) ser\u00e1 directamente transmitida y archivada por Google. Google usar\u00e1 esta informaci\u00f3n por cuenta nuestra con el prop\u00f3sito de seguir la pista de su uso del website, recopilando informes de la actividad del website y prestando otros servicios relacionados con la actividad del website y el uso de Internet.&nbsp;<\/p>\n\n\n\n<p>Google podr\u00e1 transmitir dicha informaci\u00f3n a terceros cuando as\u00ed se lo requiera la legislaci\u00f3n o cuando dichos terceros procesen la informaci\u00f3n por cuenta de Google. Google no asociar\u00e1 su direcci\u00f3n IP con ning\u00fan otro dato del que disponga.&nbsp;<\/p>\n\n\n\n<p>Como usuario y en ejercicio de sus derechos, puede rechazar el tratamiento de los datos o la informaci\u00f3n, rechazando el uso de cookies, mediante la selecci\u00f3n de la configuraci\u00f3n apropiada de su navegador.&nbsp; Sin embargo, debe conocer que si lo hace puede que no pueda disponer de todas las funcionabilidades de este sitio web.&nbsp;<\/p>\n\n\n\n<p>Al utilizar esta web, de acuerdo a la informaci\u00f3n facilitada en esta Pol\u00edtica de Privacidad, acepta el tratamiento de datos por parte de Google en la forma y para los fines indicados.\u202f&nbsp;<\/p>\n\n\n\n<p>Para m\u00e1s informaci\u00f3n, puede consultar la pol\u00edtica de privacidad de Google en https:\/\/www.google.com\/intl\/es\/policies\/privacy\/.&nbsp;<\/p>\n\n\n\n<ul>\n<li>Google Adsense:&nbsp;<\/li>\n<\/ul>\n\n\n\n<p>Google, como proveedor asociado, utiliza cookies para publicar anuncios en este sitio web. Puede inhabilitar el uso de la cookie de DART a trav\u00e9s del anuncio de Google y accediendo a la pol\u00edtica de privacidad de la red de contenido: https:\/\/www.google.com\/intl\/es\/policies\/privacy\/.&nbsp;<\/p>\n\n\n\n<p>Google utiliza empresas publicitarias asociadas para publicar anuncios cuando visita nuestro sitio web. Es posible que estas empresas usen la informaci\u00f3n que obtienen de sus visitas a este y otros sitios web (sin incluir su nombre, direcci\u00f3n, direcci\u00f3n de correo electr\u00f3nico o n\u00famero de tel\u00e9fono) para ofrecerle anuncios sobre productos y servicios que le resulten de inter\u00e9s.\u202f\u202f&nbsp;<\/p>\n\n\n\n<p>Al utilizar esta web, acepta el tratamiento de datos por parte de Google en la forma y para los fines indicados.&nbsp;<\/p>\n\n\n\n<p>Si quiere conocer m\u00e1s sobre el uso de cookies y las pr\u00e1cticas de recopilaci\u00f3n de informaci\u00f3n y los procedimientos de aceptaci\u00f3n o rechazo, consulte nuestra POL\u00cdTICA DE COOKIES.&nbsp;<\/p>\n\n\n\n<p><strong>Exactitud y veracidad de los datos<\/strong>&nbsp;<\/p>\n\n\n\n<p>Como usuario, usted es el \u00fanico responsable de la veracidad y modificaci\u00f3n de los datos que remita a CSI Santa F\u00e9. Le corresponde garantizar y responder en cualquier caso de la exactitud, vigencia y autenticidad de los datos personales facilitados. Se compromete a mantenerlos debidamente actualizados, y en caso de incumplimiento de alguno de los planteamientos anteriores, se nos exonera de cualquier responsabilidad al respecto.&nbsp;<\/p>\n\n\n\n<p>De acuerdo con lo expresado en esta Pol\u00edtica de Privacidad, acepta proporcionar informaci\u00f3n completa y correcta en el formulario de contacto o suscripci\u00f3n.&nbsp;<\/p>\n\n\n\n<p><strong>Bajas de suscripci\u00f3n y derecho de revocaci\u00f3n<\/strong>&nbsp;<\/p>\n\n\n\n<p>Como titular de los datos que nos haya facilitado, podr\u00e1 ejercer en cualquier momento sus derechos de acceso, rectificaci\u00f3n, cancelaci\u00f3n y oposici\u00f3n, envi\u00e1ndonos un correo electr\u00f3nico y adjuntando una fotocopia de su documento de identidad como prueba v\u00e1lida.&nbsp;<\/p>\n\n\n\n<p>Igualmente, podr\u00e1 darse de baja en cualquier momento para dejar de recibir nuestra newsletter o cualquier otra comunicaci\u00f3n comercial, directamente desde el mismo email que haya recibido o envi\u00e1ndonos un correo .&nbsp;<\/p>\n\n\n\n<p><strong>Medidas de seguridad<\/strong>&nbsp;<\/p>\n\n\n\n<p>Como titular de la web, CSI SANTA F\u00c9&nbsp; ha adoptado todas las medidas t\u00e9cnicas y de organizaci\u00f3n necesarias para garantizar la seguridad e integridad de los datos de car\u00e1cter personal que trate, as\u00ed como para evitar su p\u00e9rdida, alteraci\u00f3n y\/o acceso por parte de terceros no autorizados.\u202f&nbsp;<\/p>\n\n\n\n<p>Ante cualquier incidente de ciberseguridad sobre los datos personales en soporte electr\u00f3nico bajo su custodia, somos responsables de notificar a las autoridades competentes\u202f&nbsp;<\/p>\n\n\n\n<p>Le recordamos que, para m\u00e1s informaci\u00f3n, puedes consultar nuestras p\u00e1ginas de Aviso Legal y Pol\u00edtica de Cookies.&nbsp;<\/p>\n","protected":false},"excerpt":{"rendered":"<p>En la Pol\u00edtica de Privacidad le informaremos con total transparencia sobre la finalidad de este sitio web y todo lo que afecta a los datos que nos facilite, as\u00ed como de las obligaciones y derechos que le corresponden.&nbsp; Este sitio web se adapta a la normativa vigente en relaci\u00f3n con la protecci\u00f3n de datos, lo &hellip;<\/p>\n<p class=\"read-more\"> <a class=\"\" href=\"https:\/\/tienda.csisantafe.com\/?page_id=3\"> <span class=\"screen-reader-text\">Pol\u00edtica de privacidad<\/span> Leer m\u00e1s &raquo;<\/a><\/p>\n","protected":false},"author":1,"featured_media":0,"parent":0,"menu_order":0,"comment_status":"closed","ping_status":"open","template":"","meta":{"site-sidebar-layout":"default","site-content-layout":"","ast-site-content-layout":"default","site-content-style":"default","site-sidebar-style":"default","ast-global-header-display":"","ast-banner-title-visibility":"","ast-main-header-display":"","ast-hfb-above-header-display":"","ast-hfb-below-header-display":"","ast-hfb-mobile-header-display":"","site-post-title":"","ast-breadcrumbs-content":"","ast-featured-img":"","footer-sml-layout":"","theme-transparent-header-meta":"","adv-header-id-meta":"","stick-header-meta":"","header-above-stick-meta":"","header-main-stick-meta":"","header-below-stick-meta":"","astra-migrate-meta-layouts":"set","footnotes":""},"aioseo_notices":[],"_links":{"self":[{"href":"https:\/\/tienda.csisantafe.com\/index.php?rest_route=\/wp\/v2\/pages\/3"}],"collection":[{"href":"https:\/\/tienda.csisantafe.com\/index.php?rest_route=\/wp\/v2\/pages"}],"about":[{"href":"https:\/\/tienda.csisantafe.com\/index.php?rest_route=\/wp\/v2\/types\/page"}],"author":[{"embeddable":true,"href":"https:\/\/tienda.csisantafe.com\/index.php?rest_route=\/wp\/v2\/users\/1"}],"replies":[{"embeddable":true,"href":"https:\/\/tienda.csisantafe.com\/index.php?rest_route=%2Fwp%2Fv2%2Fcomments&post=3"}],"version-history":[{"count":6,"href":"https:\/\/tienda.csisantafe.com\/index.php?rest_route=\/wp\/v2\/pages\/3\/revisions"}],"predecessor-version":[{"id":5116,"href":"https:\/\/tienda.csisantafe.com\/index.php?rest_route=\/wp\/v2\/pages\/3\/revisions\/5116"}],"wp:attachment":[{"href":"https:\/\/tienda.csisantafe.com\/index.php?rest_route=%2Fwp%2Fv2%2Fmedia&parent=3"}],"curies":[{"name":"wp","href":"https:\/\/api.w.org\/{rel}","templated":true}]}}