{"id":5046,"date":"2023-09-04T22:58:25","date_gmt":"2023-09-04T20:58:25","guid":{"rendered":"https:\/\/tienda.csisantafe.com\/?page_id=5046"},"modified":"2023-09-28T18:46:40","modified_gmt":"2023-09-28T16:46:40","slug":"aviso-legal","status":"publish","type":"page","link":"https:\/\/tienda.csisantafe.com\/?page_id=5046","title":{"rendered":"Aviso Legal"},"content":{"rendered":"\n<p><\/p>\n\n\n\n<p>Este Aviso Legal tiene como objetivo informarle sus derechos y obligaciones como usuario de este sitio web. Aqu\u00ed encontrar\u00e1 toda la informaci\u00f3n necesaria sobre el mismo: su actividad, los datos personales que recoge y su finalidad, as\u00ed como las normas de uso que regulan el uso de esta web.&nbsp;<\/p>\n\n\n\n<p>En el momento en que acceda a este sitio web <a href=\"https:\/\/cbmtienda.com\/\" target=\"_blank\" rel=\"noreferrer noopener\">tienda.csisantafe.com<\/a>, asume la condici\u00f3n de usuario, por lo que el contenido de este Aviso Legal le afecta directamente. Lo invitamos a leerlo para que conozca las condiciones que est\u00e1 aceptando al acceder a este.&nbsp;<\/p>\n\n\n\n<p>El sitio web cumple con las normativas vigentes en materia de protecci\u00f3n de datos, con el objetivo de aportar&nbsp; las garant\u00edas, la seguridad y la transparencia que como usuario le corresponden, a la hora de utilizar esta web y que relacionamos a continuaci\u00f3n:&nbsp;<\/p>\n\n\n\n<ul>\n<li>El RGPD (Reglamento (UE) 2016\/679 del Parlamento Europeo y del Consejo de 27 de abril de 2016 relativo a la protecci\u00f3n de las personas f\u00edsicas) que es la normativa de la Uni\u00f3n Europea que unifica la regulaci\u00f3n del tratamiento de los datos personales en los distintos pa\u00edses de la UE.&nbsp;<\/li>\n<\/ul>\n\n\n\n<ul>\n<li>La LOPD (Ley Org\u00e1nica 15\/1999, de 13 de diciembre, de Protecci\u00f3n de Datos de Car\u00e1cter Personal y Real Decreto 1720\/2007, de 21 de diciembre, el Reglamento de desarrollo de la LOPD) que regula el tratamiento de los datos personales y las obligaciones que deben asumir los responsables de una web o un blog a la hora de gestionar esta informaci\u00f3n.&nbsp;<\/li>\n\n\n\n<li>La LSSI (Ley 34\/2002, de 11 de julio, de Servicios de la Sociedad de la Informaci\u00f3n y Comercio Electr\u00f3nico) que regula las transacciones econ\u00f3micas mediante medios electr\u00f3nicos, como es el caso de esta web.&nbsp;<\/li>\n<\/ul>\n\n\n\n<p><strong>DATOS DE IDENTIFICACI\u00d3N<\/strong>&nbsp;<\/p>\n\n\n\n<p>El responsable y titular de este sitio web es CSI SANTA F\u00c9 S.R.L.&nbsp;<\/p>\n\n\n\n<ul>\n<li>Nombre: CSI SANTA F\u00c9 S.R.L.&nbsp;<\/li>\n<\/ul>\n\n\n\n<ul>\n<li>NIT: 50004171045&nbsp;<\/li>\n\n\n\n<li>Domicilio Social: Calle 3ra A #29819 entre 298 y 300 Santa F\u00e9, Playa.\u202f&nbsp;<\/li>\n\n\n\n<li>Actividad del sitio web: Comercio electr\u00f3nico&nbsp;<\/li>\n\n\n\n<li>Correo electr\u00f3nico: info@csisantafe.com&nbsp;<\/li>\n<\/ul>\n\n\n\n<p>Los datos que nos facilite con su consentimiento, de acuerdo a lo establecido en nuestra Pol\u00edtica de Privacidad, ser\u00e1n incorporados a un fichero automatizado debidamente. El que el responsable de dicho fichero es: CSI Santa F\u00e9. Sus datos est\u00e1n seguros, de acuerdo a lo que establece la ley.&nbsp;<\/p>\n\n\n\n<p><strong>NORMAS DE ACCESO AL SITIO WEB<\/strong>&nbsp;<\/p>\n\n\n\n<p>Como usuario de nuestra web, tiene una serie de obligaciones:&nbsp;<\/p>\n\n\n\n<ul>\n<li>No podr\u00e1 utilizar este sitio web para la realizaci\u00f3n de actividades contrarias a las leyes, a la moral y al orden p\u00fablico. Debe hacer un uso conforme a las condiciones establecidas en el presente Aviso Legal.&nbsp;<\/li>\n\n\n\n<li>No podr\u00e1 realizar actividades publicitarias o de explotaci\u00f3n comercial remitiendo mensajes que utilicen una identidad falsa.&nbsp;<\/li>\n\n\n\n<li>Usted ser\u00e1 el \u00fanico responsable de la veracidad y exactitud de los contenidos que introduzca en esta web y de los datos personales que nos facilite con las finalidades previstas en nuestra Pol\u00edtica de Privacidad.&nbsp;<\/li>\n<\/ul>\n\n\n\n<ul>\n<li>Usted ser\u00e1 el \u00fanico responsable de la realizaci\u00f3n de cualquier tipo de actuaci\u00f3n il\u00edcita, lesiva de derechos, nociva y\/o perjudicial en los sitios de terceros a los que le podamos derivar desde este sitio web para el desarrollo de nuestra actividad.&nbsp;<\/li>\n<\/ul>\n\n\n\n<p>Como responsable del sitio web, CSI SANTA F\u00c9&nbsp; podr\u00e1 interrumpir el servicio de la p\u00e1gina y resolver de modo inmediato la relaci\u00f3n con el usuario, si detecta un uso de la web o de cualquiera de los servicios que en la misma se ofertan, que pueda considerarse contrario a lo expresado en el presente Aviso Legal.&nbsp;<\/p>\n\n\n\n<p><strong>PROPIEDAD INTELECTUAL E INDUSTRIAL<\/strong>&nbsp;<\/p>\n\n\n\n<p>La totalidad de este sitio web (texto, im\u00e1genes, marcas, gr\u00e1ficos, logotipos, botones, archivos de software, combinaciones de colores, estructura, selecci\u00f3n, ordenamiento y presentaci\u00f3n de sus contenidos) se encuentra protegida por las leyes vigentes sobre Propiedad Intelectual e Industrial, quedando prohibida su reproducci\u00f3n, distribuci\u00f3n, comunicaci\u00f3n p\u00fablica y transformaci\u00f3n, salvo para uso personal y privado.&nbsp;<\/p>\n\n\n\n<p>Como titular de este sitio web,\u202f CSI SANTA F\u00c9 garantiza que los contenidos sean precisos o libres de error pero no garantiza que el libre uso de los mismos por parte de los usuarios, no infrinja los derechos de terceras partes. El buen o mal uso de esta p\u00e1gina y de sus contenidos es responsabilidad del usuario.&nbsp;<\/p>\n\n\n\n<p>Asimismo, queda prohibida la reproducci\u00f3n, retransmisi\u00f3n, copia, cesi\u00f3n o redifusi\u00f3n, total o parcial, de la informaci\u00f3n contenida en la p\u00e1gina, cualquiera que fuera su finalidad y el medio utilizado para ello, sin autorizaci\u00f3n previa de\u202f CSI SANTA F\u00c9&nbsp; .&nbsp;<\/p>\n\n\n\n<p><strong>ENLACES O LINKS<\/strong>&nbsp;<\/p>\n\n\n\n<p>Este sitio web incluye enlaces o links a sitios de terceros. Las p\u00e1ginas pertenecientes a estos terceros no han sido revisadas ni son objeto de controles por nuestra parte, por lo que\u202f CSI SANTA F\u00c9&nbsp; no podr\u00e1 ser considerado responsable de los contenidos de estos sitios web, ni de las medidas que se adopten relativas a su privacidad o al tratamiento de sus datos de car\u00e1cter personal u otros que pudieran derivarse.&nbsp;<\/p>\n\n\n\n<p>Por todo ello, le recomendamos la lectura detenida de las <strong>condiciones de uso<\/strong>, <strong>pol\u00edtica de privacidad<\/strong>, <strong>avisos legales<\/strong> y\/o similares de estos sitios.&nbsp;<\/p>\n\n\n\n<p><strong>LIMITACI\u00d3N DE RESPONSABILIDAD<\/strong>&nbsp;<\/p>\n\n\n\n<p>En ejercicio de su derecho como titular de esta web, le informamos que\u202f CSI SANTA F\u00c9&nbsp; no se hace responsable en ning\u00fan caso de lo siguiente:&nbsp;<\/p>\n\n\n\n<ul>\n<li>la calidad del servicio, la velocidad de acceso, el correcto funcionamiento ni la disponibilidad ni continuidad de funcionamiento de la p\u00e1gina.&nbsp;<\/li>\n\n\n\n<li>la existencia de virus, malware, programas maliciosos o da\u00f1inos en los contenidos.&nbsp;<\/li>\n\n\n\n<li>el uso il\u00edcito, negligente, fraudulento o contrario a este Aviso Legal.&nbsp;<\/li>\n\n\n\n<li>la falta de licitud, calidad, fiabilidad, utilidad y disponibilidad de los servicios prestados por terceros y puestos a disposici\u00f3n de los usuarios en este sitio web.&nbsp;<\/li>\n<\/ul>\n\n\n\n<ul>\n<li>de los da\u00f1os que pudieran provenir del uso ilegal o indebido de este sitio.&nbsp;<\/li>\n<\/ul>\n\n\n\n<p><strong>POL\u00cdTICA DE PRIVACIDAD Y PROTECCI\u00d3N DE DATOS<\/strong>&nbsp;<\/p>\n\n\n\n<p>Este sitio web cumple con la normativa vigente en materia de protecci\u00f3n de datos, lo que implica que, como usuario, deber\u00e1 dar su consentimiento expreso antes de facilitarnos datos personales a trav\u00e9s de los diferentes formularios puestos a disposici\u00f3n en las secciones de nuestras p\u00e1ginas.&nbsp;<\/p>\n\n\n\n<p>Para ello, en aras de la transparencia y el ejercicio de su derecho, le informamos sobre los datos personales que recabamos, almacenamos y tratamos y con qu\u00e9 finalidades, teniendo en cualquier momento la posibilidad de revocar libremente su consentimiento.&nbsp;<\/p>\n\n\n\n<p>Toda esta informaci\u00f3n la podr\u00e1 encontrar en nuestra <a href=\"https:\/\/tienda.csisantafe.com\/?page_id=3\" target=\"_blank\" rel=\"noopener\" title=\"\">POLITICA DE PRIVACIDAD.<\/a>\u00a0<\/p>\n\n\n\n<p><strong>POL\u00cdTICA DE COOKIES<\/strong>&nbsp;<\/p>\n\n\n\n<p>Como le informamos en el momento de acceder a nuestra web, este sitio utiliza cookies propias y de terceros con el objetivo de proporcionarle la mejor experiencia de usuario y desarrollar nuestra actividad. En cualquier momento, tendr\u00e1 la opci\u00f3n de configurar su navegador para desestimar el uso de estas cookies que, en alg\u00fan caso, afectar\u00e1n su experiencia de usuario.&nbsp;<\/p>\n\n\n\n<p>Para acceder a la informaci\u00f3n completa sobre el uso de cookies en este sitio web, su finalidad y su desestimaci\u00f3n, puede consultar nuestra <a href=\"https:\/\/tienda.csisantafe.com\/?page_id=5107\" target=\"_blank\" rel=\"noopener\" title=\"\">POL\u00cdTICA DE COOKIES<\/a>.\u00a0<\/p>\n\n\n\n<p><strong>LEGISLACI\u00d3N APLICABLE Y JURISDICCI\u00d3N COMPETENTE<\/strong>&nbsp;<\/p>\n\n\n\n<p>El presente Aviso Legal se encuentra sometido a la legislaci\u00f3n internacional vigente.&nbsp;<\/p>\n\n\n\n<p>En caso necesario, ante cualquier tipo de controversia de car\u00e1cter legal,\u202f CSI SANTA F\u00c9&nbsp; y el usuario, con renuncia expresa a cualquier otro fuero, se someter\u00e1n a los Juzgados y Tribunales del domicilio del Usuario para cualquier controversia que pudiera derivarse.&nbsp;<\/p>\n\n\n\n<p>En el caso de que el usuario tenga su domicilio fuera de Cuba,\u202f CSI SANTA F\u00c9&nbsp; y el usuario se someter\u00e1n, con renuncia expresa a cualquier otro fuero, a los juzgados y tribunales de La Habana (Cuba).&nbsp;<\/p>\n\n\n\n<p>Si tienes cualquier duda sobre este Aviso Legal, puedes enviarnos un correo electr\u00f3nico a\u202f info@csisantafe.com&nbsp;<\/p>\n","protected":false},"excerpt":{"rendered":"<p>Este Aviso Legal tiene como objetivo informarle sus derechos y obligaciones como usuario de este sitio web. Aqu\u00ed encontrar\u00e1 toda la informaci\u00f3n necesaria sobre el mismo: su actividad, los datos personales que recoge y su finalidad, as\u00ed como las normas de uso que regulan el uso de esta web.&nbsp; En el momento en que acceda &hellip;<\/p>\n<p class=\"read-more\"> <a class=\"\" href=\"https:\/\/tienda.csisantafe.com\/?page_id=5046\"> <span class=\"screen-reader-text\">Aviso Legal<\/span> Leer m\u00e1s &raquo;<\/a><\/p>\n","protected":false},"author":1,"featured_media":0,"parent":0,"menu_order":0,"comment_status":"closed","ping_status":"closed","template":"","meta":{"site-sidebar-layout":"default","site-content-layout":"","ast-site-content-layout":"default","site-content-style":"default","site-sidebar-style":"default","ast-global-header-display":"","ast-banner-title-visibility":"","ast-main-header-display":"","ast-hfb-above-header-display":"","ast-hfb-below-header-display":"","ast-hfb-mobile-header-display":"","site-post-title":"","ast-breadcrumbs-content":"","ast-featured-img":"","footer-sml-layout":"","theme-transparent-header-meta":"","adv-header-id-meta":"","stick-header-meta":"","header-above-stick-meta":"","header-main-stick-meta":"","header-below-stick-meta":"","astra-migrate-meta-layouts":"set","footnotes":""},"aioseo_notices":[],"_links":{"self":[{"href":"https:\/\/tienda.csisantafe.com\/index.php?rest_route=\/wp\/v2\/pages\/5046"}],"collection":[{"href":"https:\/\/tienda.csisantafe.com\/index.php?rest_route=\/wp\/v2\/pages"}],"about":[{"href":"https:\/\/tienda.csisantafe.com\/index.php?rest_route=\/wp\/v2\/types\/page"}],"author":[{"embeddable":true,"href":"https:\/\/tienda.csisantafe.com\/index.php?rest_route=\/wp\/v2\/users\/1"}],"replies":[{"embeddable":true,"href":"https:\/\/tienda.csisantafe.com\/index.php?rest_route=%2Fwp%2Fv2%2Fcomments&post=5046"}],"version-history":[{"count":2,"href":"https:\/\/tienda.csisantafe.com\/index.php?rest_route=\/wp\/v2\/pages\/5046\/revisions"}],"predecessor-version":[{"id":5118,"href":"https:\/\/tienda.csisantafe.com\/index.php?rest_route=\/wp\/v2\/pages\/5046\/revisions\/5118"}],"wp:attachment":[{"href":"https:\/\/tienda.csisantafe.com\/index.php?rest_route=%2Fwp%2Fv2%2Fmedia&parent=5046"}],"curies":[{"name":"wp","href":"https:\/\/api.w.org\/{rel}","templated":true}]}}