{"id":4485,"date":"2023-08-17T19:00:01","date_gmt":"2023-08-17T17:00:01","guid":{"rendered":"https:\/\/tienda.csisantafe.com\/?post_type=product&#038;p=4485"},"modified":"2025-10-19T03:58:10","modified_gmt":"2025-10-19T01:58:10","slug":"gabinete-start-doble-seccion","status":"publish","type":"product","link":"https:\/\/tienda.csisantafe.com\/?product=gabinete-start-doble-seccion","title":{"rendered":"Gabinete START"},"content":{"rendered":"<ul>\n<li>Doble secci\u00f3n para montaje en pared<\/li>\n<li>Puerta frontal de cristal con llave<\/li>\n<li>Paneles laterales y posterior desmontables para facilitar la instalaci\u00f3n de equipos<\/li>\n<li>Posici\u00f3n ajustable de postes frontales y posteriores<\/li>\n<li>Dise\u00f1o de puertas y paneles que facilita la ventilaci\u00f3n<\/li>\n<\/ul>\n","protected":false},"excerpt":{"rendered":"<p>Doble secci\u00f3n para montaje en pared Puerta frontal de cristal con llave Paneles laterales y posterior desmontables para facilitar la instalaci\u00f3n de equipos Posici\u00f3n ajustable de postes frontales y posteriores Dise\u00f1o de puertas y paneles que facilita la ventilaci\u00f3n<\/p>\n","protected":false},"featured_media":4548,"comment_status":"open","ping_status":"closed","template":"","meta":{"site-sidebar-layout":"default","site-content-layout":"","ast-site-content-layout":"default","site-content-style":"default","site-sidebar-style":"default","ast-global-header-display":"","ast-banner-title-visibility":"","ast-main-header-display":"","ast-hfb-above-header-display":"","ast-hfb-below-header-display":"","ast-hfb-mobile-header-display":"","site-post-title":"","ast-breadcrumbs-content":"","ast-featured-img":"","footer-sml-layout":"","theme-transparent-header-meta":"default","adv-header-id-meta":"","stick-header-meta":"","header-above-stick-meta":"","header-main-stick-meta":"","header-below-stick-meta":"","astra-migrate-meta-layouts":"set"},"product_cat":[58],"product_tag":[],"aioseo_notices":[],"_links":{"self":[{"href":"https:\/\/tienda.csisantafe.com\/index.php?rest_route=\/wp\/v2\/product\/4485"}],"collection":[{"href":"https:\/\/tienda.csisantafe.com\/index.php?rest_route=\/wp\/v2\/product"}],"about":[{"href":"https:\/\/tienda.csisantafe.com\/index.php?rest_route=\/wp\/v2\/types\/product"}],"replies":[{"embeddable":true,"href":"https:\/\/tienda.csisantafe.com\/index.php?rest_route=%2Fwp%2Fv2%2Fcomments&post=4485"}],"version-history":[{"count":4,"href":"https:\/\/tienda.csisantafe.com\/index.php?rest_route=\/wp\/v2\/product\/4485\/revisions"}],"predecessor-version":[{"id":5972,"href":"https:\/\/tienda.csisantafe.com\/index.php?rest_route=\/wp\/v2\/product\/4485\/revisions\/5972"}],"wp:featuredmedia":[{"embeddable":true,"href":"https:\/\/tienda.csisantafe.com\/index.php?rest_route=\/wp\/v2\/media\/4548"}],"wp:attachment":[{"href":"https:\/\/tienda.csisantafe.com\/index.php?rest_route=%2Fwp%2Fv2%2Fmedia&parent=4485"}],"wp:term":[{"taxonomy":"product_cat","embeddable":true,"href":"https:\/\/tienda.csisantafe.com\/index.php?rest_route=%2Fwp%2Fv2%2Fproduct_cat&post=4485"},{"taxonomy":"product_tag","embeddable":true,"href":"https:\/\/tienda.csisantafe.com\/index.php?rest_route=%2Fwp%2Fv2%2Fproduct_tag&post=4485"}],"curies":[{"name":"wp","href":"https:\/\/api.w.org\/{rel}","templated":true}]}}