{"id":5657,"date":"2025-06-22T03:02:05","date_gmt":"2025-06-22T01:02:05","guid":{"rendered":"https:\/\/tienda.csisantafe.com\/?post_type=product&#038;p=5657"},"modified":"2025-06-22T03:02:33","modified_gmt":"2025-06-22T01:02:33","slug":"inyector-d-link-poe-dpe-101gi","status":"publish","type":"product","link":"https:\/\/tienda.csisantafe.com\/?product=inyector-d-link-poe-dpe-101gi","title":{"rendered":"Inyector PoE D-Link DPE-101GI"},"content":{"rendered":"<p>El inyector PoE Gigabit DPE-101GI est\u00e1 dise\u00f1ado para suministrar alimentaci\u00f3n y conexi\u00f3n de datos a dispositivos PoE, como c\u00e1maras IP o puntos de acceso inal\u00e1mbricos. El DPE-101GI, compatible con IEEE 802.3af, permite instalar el dispositivo PoE pr\u00e1cticamente en cualquier lugar del edificio, como en techos o cerca de entradas, eliminando la necesidad de una toma de corriente cercana y una fuente de alimentaci\u00f3n conectada.<\/p>\n","protected":false},"excerpt":{"rendered":"<p>D-Link PoE Gigabit DPE-101GI<\/p>\n","protected":false},"featured_media":5658,"comment_status":"open","ping_status":"closed","template":"","meta":{"site-sidebar-layout":"default","site-content-layout":"","ast-site-content-layout":"default","site-content-style":"default","site-sidebar-style":"default","ast-global-header-display":"","ast-banner-title-visibility":"","ast-main-header-display":"","ast-hfb-above-header-display":"","ast-hfb-below-header-display":"","ast-hfb-mobile-header-display":"","site-post-title":"","ast-breadcrumbs-content":"","ast-featured-img":"","footer-sml-layout":"","theme-transparent-header-meta":"default","adv-header-id-meta":"","stick-header-meta":"","header-above-stick-meta":"","header-main-stick-meta":"","header-below-stick-meta":"","astra-migrate-meta-layouts":"set"},"product_cat":[65],"product_tag":[],"aioseo_notices":[],"_links":{"self":[{"href":"https:\/\/tienda.csisantafe.com\/index.php?rest_route=\/wp\/v2\/product\/5657"}],"collection":[{"href":"https:\/\/tienda.csisantafe.com\/index.php?rest_route=\/wp\/v2\/product"}],"about":[{"href":"https:\/\/tienda.csisantafe.com\/index.php?rest_route=\/wp\/v2\/types\/product"}],"replies":[{"embeddable":true,"href":"https:\/\/tienda.csisantafe.com\/index.php?rest_route=%2Fwp%2Fv2%2Fcomments&post=5657"}],"version-history":[{"count":3,"href":"https:\/\/tienda.csisantafe.com\/index.php?rest_route=\/wp\/v2\/product\/5657\/revisions"}],"predecessor-version":[{"id":5661,"href":"https:\/\/tienda.csisantafe.com\/index.php?rest_route=\/wp\/v2\/product\/5657\/revisions\/5661"}],"wp:featuredmedia":[{"embeddable":true,"href":"https:\/\/tienda.csisantafe.com\/index.php?rest_route=\/wp\/v2\/media\/5658"}],"wp:attachment":[{"href":"https:\/\/tienda.csisantafe.com\/index.php?rest_route=%2Fwp%2Fv2%2Fmedia&parent=5657"}],"wp:term":[{"taxonomy":"product_cat","embeddable":true,"href":"https:\/\/tienda.csisantafe.com\/index.php?rest_route=%2Fwp%2Fv2%2Fproduct_cat&post=5657"},{"taxonomy":"product_tag","embeddable":true,"href":"https:\/\/tienda.csisantafe.com\/index.php?rest_route=%2Fwp%2Fv2%2Fproduct_tag&post=5657"}],"curies":[{"name":"wp","href":"https:\/\/api.w.org\/{rel}","templated":true}]}}