{"id":5691,"date":"2025-06-23T19:34:21","date_gmt":"2025-06-23T17:34:21","guid":{"rendered":"https:\/\/tienda.csisantafe.com\/?post_type=product&#038;p=5691"},"modified":"2026-03-20T22:32:36","modified_gmt":"2026-03-20T21:32:36","slug":"fuente-de-alimentacion-seasonic-350w","status":"publish","type":"product","link":"https:\/\/tienda.csisantafe.com\/?product=fuente-de-alimentacion-seasonic-350w","title":{"rendered":"Fuente SEASONIC SSP\/350ST 350W"},"content":{"rendered":"<ul>\n<li>Fabricante: SeaSonic<\/li>\n<li>Modelo: SSP-350ST<\/li>\n<li>Frecuencia de entrada: 50-60 Hz<\/li>\n<li>Corriente de entrada (arranque en fr\u00edo): 100 A m\u00e1x.<\/li>\n<li>Tipo: ATX12V<\/li>\n<li>Potencia m\u00e1xima: 350 W<\/li>\n<li>Certificaci\u00f3n de eficiencia energ\u00e9tica 80 PLUS BRONZE<\/li>\n<li>Protecci\u00f3n contra sobretensi\u00f3n: S\u00ed<\/li>\n<li>Protecci\u00f3n contra sobrecarga: S\u00ed<\/li>\n<\/ul>\n","protected":false},"excerpt":{"rendered":"<p>Seasonic SSP-350ST Active PFC, 350W ATX.<\/p>\n","protected":false},"featured_media":5693,"comment_status":"open","ping_status":"closed","template":"","meta":{"site-sidebar-layout":"default","site-content-layout":"","ast-site-content-layout":"default","site-content-style":"default","site-sidebar-style":"default","ast-global-header-display":"","ast-banner-title-visibility":"","ast-main-header-display":"","ast-hfb-above-header-display":"","ast-hfb-below-header-display":"","ast-hfb-mobile-header-display":"","site-post-title":"","ast-breadcrumbs-content":"","ast-featured-img":"","footer-sml-layout":"","theme-transparent-header-meta":"default","adv-header-id-meta":"","stick-header-meta":"","header-above-stick-meta":"","header-main-stick-meta":"","header-below-stick-meta":"","astra-migrate-meta-layouts":"set"},"product_cat":[116],"product_tag":[],"aioseo_notices":[],"_links":{"self":[{"href":"https:\/\/tienda.csisantafe.com\/index.php?rest_route=\/wp\/v2\/product\/5691"}],"collection":[{"href":"https:\/\/tienda.csisantafe.com\/index.php?rest_route=\/wp\/v2\/product"}],"about":[{"href":"https:\/\/tienda.csisantafe.com\/index.php?rest_route=\/wp\/v2\/types\/product"}],"replies":[{"embeddable":true,"href":"https:\/\/tienda.csisantafe.com\/index.php?rest_route=%2Fwp%2Fv2%2Fcomments&post=5691"}],"version-history":[{"count":3,"href":"https:\/\/tienda.csisantafe.com\/index.php?rest_route=\/wp\/v2\/product\/5691\/revisions"}],"predecessor-version":[{"id":6005,"href":"https:\/\/tienda.csisantafe.com\/index.php?rest_route=\/wp\/v2\/product\/5691\/revisions\/6005"}],"wp:featuredmedia":[{"embeddable":true,"href":"https:\/\/tienda.csisantafe.com\/index.php?rest_route=\/wp\/v2\/media\/5693"}],"wp:attachment":[{"href":"https:\/\/tienda.csisantafe.com\/index.php?rest_route=%2Fwp%2Fv2%2Fmedia&parent=5691"}],"wp:term":[{"taxonomy":"product_cat","embeddable":true,"href":"https:\/\/tienda.csisantafe.com\/index.php?rest_route=%2Fwp%2Fv2%2Fproduct_cat&post=5691"},{"taxonomy":"product_tag","embeddable":true,"href":"https:\/\/tienda.csisantafe.com\/index.php?rest_route=%2Fwp%2Fv2%2Fproduct_tag&post=5691"}],"curies":[{"name":"wp","href":"https:\/\/api.w.org\/{rel}","templated":true}]}}