{"id":5724,"date":"2025-06-23T23:35:41","date_gmt":"2025-06-23T21:35:41","guid":{"rendered":"https:\/\/tienda.csisantafe.com\/?post_type=product&#038;p=5724"},"modified":"2025-08-01T19:40:40","modified_gmt":"2025-08-01T17:40:40","slug":"mouse-inalambrico-usb","status":"publish","type":"product","link":"https:\/\/tienda.csisantafe.com\/?product=mouse-inalambrico-usb","title":{"rendered":"Mouse inal\u00e1mbrico STEREN"},"content":{"rendered":"<ul class=\"chedrauimx-frontend-applications-4-x-descriptionList\">\n<li class=\"chedrauimx-frontend-applications-4-x-listElement\">Minimouse \u00f3ptico inal\u00e1mbrico, fabricado en pl\u00e1stico resistente, de tama\u00f1o compacto, ideal para viajes de negocios.<\/li>\n<li class=\"chedrauimx-frontend-applications-4-x-listElement\">Cuenta con 3 botones y rueda de desplazamiento scroll, con resoluci\u00f3n de 800, 1200 y 1600 DPI.<\/li>\n<li class=\"chedrauimx-frontend-applications-4-x-listElement\">Compartimento para guardar el nano receptor USB.<\/li>\n<\/ul>\n","protected":false},"excerpt":{"rendered":"<p>MINIMOUSE \u00d3PTICO WIRELESS STEREN.<\/p>\n<p>&nbsp;<\/p>\n<p>** El producto real puede variar con respecto a la imagen mostrada **<\/p>\n","protected":false},"featured_media":5722,"comment_status":"open","ping_status":"closed","template":"","meta":{"site-sidebar-layout":"default","site-content-layout":"","ast-site-content-layout":"default","site-content-style":"default","site-sidebar-style":"default","ast-global-header-display":"","ast-banner-title-visibility":"","ast-main-header-display":"","ast-hfb-above-header-display":"","ast-hfb-below-header-display":"","ast-hfb-mobile-header-display":"","site-post-title":"","ast-breadcrumbs-content":"","ast-featured-img":"","footer-sml-layout":"","theme-transparent-header-meta":"default","adv-header-id-meta":"","stick-header-meta":"","header-above-stick-meta":"","header-main-stick-meta":"","header-below-stick-meta":"","astra-migrate-meta-layouts":"set"},"product_cat":[118],"product_tag":[],"aioseo_notices":[],"_links":{"self":[{"href":"https:\/\/tienda.csisantafe.com\/index.php?rest_route=\/wp\/v2\/product\/5724"}],"collection":[{"href":"https:\/\/tienda.csisantafe.com\/index.php?rest_route=\/wp\/v2\/product"}],"about":[{"href":"https:\/\/tienda.csisantafe.com\/index.php?rest_route=\/wp\/v2\/types\/product"}],"replies":[{"embeddable":true,"href":"https:\/\/tienda.csisantafe.com\/index.php?rest_route=%2Fwp%2Fv2%2Fcomments&post=5724"}],"version-history":[{"count":4,"href":"https:\/\/tienda.csisantafe.com\/index.php?rest_route=\/wp\/v2\/product\/5724\/revisions"}],"predecessor-version":[{"id":5756,"href":"https:\/\/tienda.csisantafe.com\/index.php?rest_route=\/wp\/v2\/product\/5724\/revisions\/5756"}],"wp:featuredmedia":[{"embeddable":true,"href":"https:\/\/tienda.csisantafe.com\/index.php?rest_route=\/wp\/v2\/media\/5722"}],"wp:attachment":[{"href":"https:\/\/tienda.csisantafe.com\/index.php?rest_route=%2Fwp%2Fv2%2Fmedia&parent=5724"}],"wp:term":[{"taxonomy":"product_cat","embeddable":true,"href":"https:\/\/tienda.csisantafe.com\/index.php?rest_route=%2Fwp%2Fv2%2Fproduct_cat&post=5724"},{"taxonomy":"product_tag","embeddable":true,"href":"https:\/\/tienda.csisantafe.com\/index.php?rest_route=%2Fwp%2Fv2%2Fproduct_tag&post=5724"}],"curies":[{"name":"wp","href":"https:\/\/api.w.org\/{rel}","templated":true}]}}