{"id":5830,"date":"2025-07-24T21:28:57","date_gmt":"2025-07-24T19:28:57","guid":{"rendered":"https:\/\/tienda.csisantafe.com\/?post_type=product&#038;p=5830"},"modified":"2026-02-13T02:10:15","modified_gmt":"2026-02-13T01:10:15","slug":"router-nauta-hogar-inalambrico-td-w8961n-adsl2-n-300mbps","status":"publish","type":"product","link":"https:\/\/tienda.csisantafe.com\/?product=router-nauta-hogar-inalambrico-td-w8961n-adsl2-n-300mbps","title":{"rendered":"Router Nauta Hogar Inal\u00e1mbrico TD-W8961N ADSL2+ N 300Mbps"},"content":{"rendered":"<ul>\n<li>M\u00f3dem ADSL2 +, Router NAT, Switch de 4 puertos y punto de acceso inal\u00e1mbrico N<\/li>\n<li>Velocidad inal\u00e1mbrica N de hasta 300Mbps.<\/li>\n<li>Asistente de configuraci\u00f3n con soporte multi-idioma.<\/li>\n<li>Encriptaci\u00f3n segura Inal\u00e1mbrica WPS.<\/li>\n<\/ul>\n<p>&nbsp;<\/p>\n","protected":false},"excerpt":{"rendered":"<p>M\u00f3dem ADSL2 +, Router NAT, Switch de 4 puertos y punto de acceso inal\u00e1mbrico N Velocidad inal\u00e1mbrica N de hasta 300Mbps. Asistente de configuraci\u00f3n con soporte multi-idioma. Encriptaci\u00f3n segura Inal\u00e1mbrica WPS. &nbsp;<\/p>\n","protected":false},"featured_media":5829,"comment_status":"open","ping_status":"closed","template":"","meta":{"site-sidebar-layout":"default","site-content-layout":"","ast-site-content-layout":"default","site-content-style":"default","site-sidebar-style":"default","ast-global-header-display":"","ast-banner-title-visibility":"","ast-main-header-display":"","ast-hfb-above-header-display":"","ast-hfb-below-header-display":"","ast-hfb-mobile-header-display":"","site-post-title":"","ast-breadcrumbs-content":"","ast-featured-img":"","footer-sml-layout":"","theme-transparent-header-meta":"default","adv-header-id-meta":"","stick-header-meta":"","header-above-stick-meta":"","header-main-stick-meta":"","header-below-stick-meta":"","astra-migrate-meta-layouts":"set"},"product_cat":[65],"product_tag":[],"aioseo_notices":[],"_links":{"self":[{"href":"https:\/\/tienda.csisantafe.com\/index.php?rest_route=\/wp\/v2\/product\/5830"}],"collection":[{"href":"https:\/\/tienda.csisantafe.com\/index.php?rest_route=\/wp\/v2\/product"}],"about":[{"href":"https:\/\/tienda.csisantafe.com\/index.php?rest_route=\/wp\/v2\/types\/product"}],"replies":[{"embeddable":true,"href":"https:\/\/tienda.csisantafe.com\/index.php?rest_route=%2Fwp%2Fv2%2Fcomments&post=5830"}],"version-history":[{"count":1,"href":"https:\/\/tienda.csisantafe.com\/index.php?rest_route=\/wp\/v2\/product\/5830\/revisions"}],"predecessor-version":[{"id":5831,"href":"https:\/\/tienda.csisantafe.com\/index.php?rest_route=\/wp\/v2\/product\/5830\/revisions\/5831"}],"wp:featuredmedia":[{"embeddable":true,"href":"https:\/\/tienda.csisantafe.com\/index.php?rest_route=\/wp\/v2\/media\/5829"}],"wp:attachment":[{"href":"https:\/\/tienda.csisantafe.com\/index.php?rest_route=%2Fwp%2Fv2%2Fmedia&parent=5830"}],"wp:term":[{"taxonomy":"product_cat","embeddable":true,"href":"https:\/\/tienda.csisantafe.com\/index.php?rest_route=%2Fwp%2Fv2%2Fproduct_cat&post=5830"},{"taxonomy":"product_tag","embeddable":true,"href":"https:\/\/tienda.csisantafe.com\/index.php?rest_route=%2Fwp%2Fv2%2Fproduct_tag&post=5830"}],"curies":[{"name":"wp","href":"https:\/\/api.w.org\/{rel}","templated":true}]}}