{"id":6142,"date":"2026-02-20T05:25:01","date_gmt":"2026-02-20T04:25:01","guid":{"rendered":"https:\/\/tienda.csisantafe.com\/?post_type=product&#038;p=6142"},"modified":"2026-02-20T05:25:01","modified_gmt":"2026-02-20T04:25:01","slug":"protector-de-voltaje-220v-q7-lumina-q7-prt-10","status":"publish","type":"product","link":"https:\/\/tienda.csisantafe.com\/?product=protector-de-voltaje-220v-q7-lumina-q7-prt-10","title":{"rendered":"Protector de voltaje 220V Q7-Lumina Q7-PRT-10"},"content":{"rendered":"","protected":false},"excerpt":{"rendered":"<p>Voltaje nominal: 220\u202fV<\/p>\n<p>Modelo: Q7-PRT-10<\/p>\n<p>Desconexi\u00f3n autom\u00e1tica ante picos o ca\u00eddas de voltaje.<\/p>\n<p>Ideal para refrigeradores, aires acondicionados, freezers, televisores y otros equipos sensibles.<\/p>\n<p>Retardo de reconexi\u00f3n para mayor protecci\u00f3n<\/p>\n","protected":false},"featured_media":6143,"comment_status":"open","ping_status":"closed","template":"","meta":{"site-sidebar-layout":"default","site-content-layout":"","ast-site-content-layout":"default","site-content-style":"default","site-sidebar-style":"default","ast-global-header-display":"","ast-banner-title-visibility":"","ast-main-header-display":"","ast-hfb-above-header-display":"","ast-hfb-below-header-display":"","ast-hfb-mobile-header-display":"","site-post-title":"","ast-breadcrumbs-content":"","ast-featured-img":"","footer-sml-layout":"","theme-transparent-header-meta":"default","adv-header-id-meta":"","stick-header-meta":"","header-above-stick-meta":"","header-main-stick-meta":"","header-below-stick-meta":"","astra-migrate-meta-layouts":"set"},"product_cat":[106,134],"product_tag":[],"aioseo_notices":[],"_links":{"self":[{"href":"https:\/\/tienda.csisantafe.com\/index.php?rest_route=\/wp\/v2\/product\/6142"}],"collection":[{"href":"https:\/\/tienda.csisantafe.com\/index.php?rest_route=\/wp\/v2\/product"}],"about":[{"href":"https:\/\/tienda.csisantafe.com\/index.php?rest_route=\/wp\/v2\/types\/product"}],"replies":[{"embeddable":true,"href":"https:\/\/tienda.csisantafe.com\/index.php?rest_route=%2Fwp%2Fv2%2Fcomments&post=6142"}],"version-history":[{"count":1,"href":"https:\/\/tienda.csisantafe.com\/index.php?rest_route=\/wp\/v2\/product\/6142\/revisions"}],"predecessor-version":[{"id":6144,"href":"https:\/\/tienda.csisantafe.com\/index.php?rest_route=\/wp\/v2\/product\/6142\/revisions\/6144"}],"wp:featuredmedia":[{"embeddable":true,"href":"https:\/\/tienda.csisantafe.com\/index.php?rest_route=\/wp\/v2\/media\/6143"}],"wp:attachment":[{"href":"https:\/\/tienda.csisantafe.com\/index.php?rest_route=%2Fwp%2Fv2%2Fmedia&parent=6142"}],"wp:term":[{"taxonomy":"product_cat","embeddable":true,"href":"https:\/\/tienda.csisantafe.com\/index.php?rest_route=%2Fwp%2Fv2%2Fproduct_cat&post=6142"},{"taxonomy":"product_tag","embeddable":true,"href":"https:\/\/tienda.csisantafe.com\/index.php?rest_route=%2Fwp%2Fv2%2Fproduct_tag&post=6142"}],"curies":[{"name":"wp","href":"https:\/\/api.w.org\/{rel}","templated":true}]}}