{"id":6149,"date":"2026-02-20T05:50:32","date_gmt":"2026-02-20T04:50:32","guid":{"rendered":"https:\/\/tienda.csisantafe.com\/?post_type=product&#038;p=6149"},"modified":"2026-02-20T05:52:25","modified_gmt":"2026-02-20T04:52:25","slug":"cable-hdmi-hdmi-hinmi","status":"publish","type":"product","link":"https:\/\/tienda.csisantafe.com\/?product=cable-hdmi-hdmi-hinmi","title":{"rendered":"Cable HDMI-HDMI HINMI"},"content":{"rendered":"","protected":false},"excerpt":{"rendered":"<ul>\n<li>Conector HDMI Macho a HDMI Macho (Tipo A).<\/li>\n<li>Compatible con Full HD 1080P y resoluciones de alta definici\u00f3n.<\/li>\n<li>Recubrimiento de PVC de alta resistencia para proteger los conductores internos contra da\u00f1os f\u00edsicos.<\/li>\n<li>Equipado con n\u00facleos de ferrita en ambos extremos para suprimir el ruido electr\u00f3nico y las interferencias electromagn\u00e9ticas (EMI).<\/li>\n<\/ul>\n","protected":false},"featured_media":6150,"comment_status":"open","ping_status":"closed","template":"","meta":{"site-sidebar-layout":"default","site-content-layout":"","ast-site-content-layout":"default","site-content-style":"default","site-sidebar-style":"default","ast-global-header-display":"","ast-banner-title-visibility":"","ast-main-header-display":"","ast-hfb-above-header-display":"","ast-hfb-below-header-display":"","ast-hfb-mobile-header-display":"","site-post-title":"","ast-breadcrumbs-content":"","ast-featured-img":"","footer-sml-layout":"","theme-transparent-header-meta":"default","adv-header-id-meta":"","stick-header-meta":"","header-above-stick-meta":"","header-main-stick-meta":"","header-below-stick-meta":"","astra-migrate-meta-layouts":"set"},"product_cat":[106],"product_tag":[],"aioseo_notices":[],"_links":{"self":[{"href":"https:\/\/tienda.csisantafe.com\/index.php?rest_route=\/wp\/v2\/product\/6149"}],"collection":[{"href":"https:\/\/tienda.csisantafe.com\/index.php?rest_route=\/wp\/v2\/product"}],"about":[{"href":"https:\/\/tienda.csisantafe.com\/index.php?rest_route=\/wp\/v2\/types\/product"}],"replies":[{"embeddable":true,"href":"https:\/\/tienda.csisantafe.com\/index.php?rest_route=%2Fwp%2Fv2%2Fcomments&post=6149"}],"version-history":[{"count":1,"href":"https:\/\/tienda.csisantafe.com\/index.php?rest_route=\/wp\/v2\/product\/6149\/revisions"}],"predecessor-version":[{"id":6153,"href":"https:\/\/tienda.csisantafe.com\/index.php?rest_route=\/wp\/v2\/product\/6149\/revisions\/6153"}],"wp:featuredmedia":[{"embeddable":true,"href":"https:\/\/tienda.csisantafe.com\/index.php?rest_route=\/wp\/v2\/media\/6150"}],"wp:attachment":[{"href":"https:\/\/tienda.csisantafe.com\/index.php?rest_route=%2Fwp%2Fv2%2Fmedia&parent=6149"}],"wp:term":[{"taxonomy":"product_cat","embeddable":true,"href":"https:\/\/tienda.csisantafe.com\/index.php?rest_route=%2Fwp%2Fv2%2Fproduct_cat&post=6149"},{"taxonomy":"product_tag","embeddable":true,"href":"https:\/\/tienda.csisantafe.com\/index.php?rest_route=%2Fwp%2Fv2%2Fproduct_tag&post=6149"}],"curies":[{"name":"wp","href":"https:\/\/api.w.org\/{rel}","templated":true}]}}