{"id":6204,"date":"2026-02-20T19:05:25","date_gmt":"2026-02-20T18:05:25","guid":{"rendered":"https:\/\/tienda.csisantafe.com\/?post_type=product&#038;p=6204"},"modified":"2026-02-20T19:05:25","modified_gmt":"2026-02-20T18:05:25","slug":"adaptador-displayport-hdmi-ele-gate-wi-69","status":"publish","type":"product","link":"https:\/\/tienda.csisantafe.com\/?product=adaptador-displayport-hdmi-ele-gate-wi-69","title":{"rendered":"Adaptador DisplayPort &#8211; HDMI ELE-GATE WI.69"},"content":{"rendered":"","protected":false},"excerpt":{"rendered":"<ul>\n<li>Admite resoluci\u00f3n superior a QXGA 4k (2048 x 1536) a profundidad de color 24 bits<\/li>\n<li>Interfaz HDMI hembra<\/li>\n<li>Admite la conexi\u00f3n de un solo carril, 1 direcci\u00f3n y 4 l\u00edneas<\/li>\n<li>Soporta conector DisplayPort de 20 pines compatible con Deep Color 8 y 10 bits<\/li>\n<li>Interfaz DisplayPort macho<\/li>\n<li>Soporta ancho de banda de video hasta 10.8Gpbs<\/li>\n<li>Reducir la susceptibilidad EMI<\/li>\n<li>Soporta canal auxiliar bidireccional de 1Mbps<\/li>\n<li>Admite un m\u00ednimo de resoluci\u00f3n de 2K ( 2560 \u00d7 1440) y 1080p (1920 \u00d7 1080)<\/li>\n<li>Interfaz HDMI hembra<\/li>\n<li>Tama\u00f1o: Longitud de 250 mil\u00edmetros<\/li>\n<\/ul>\n","protected":false},"featured_media":6205,"comment_status":"open","ping_status":"closed","template":"","meta":{"site-sidebar-layout":"default","site-content-layout":"","ast-site-content-layout":"default","site-content-style":"default","site-sidebar-style":"default","ast-global-header-display":"","ast-banner-title-visibility":"","ast-main-header-display":"","ast-hfb-above-header-display":"","ast-hfb-below-header-display":"","ast-hfb-mobile-header-display":"","site-post-title":"","ast-breadcrumbs-content":"","ast-featured-img":"","footer-sml-layout":"","theme-transparent-header-meta":"default","adv-header-id-meta":"","stick-header-meta":"","header-above-stick-meta":"","header-main-stick-meta":"","header-below-stick-meta":"","astra-migrate-meta-layouts":"set"},"product_cat":[106,131,117],"product_tag":[],"aioseo_notices":[],"_links":{"self":[{"href":"https:\/\/tienda.csisantafe.com\/index.php?rest_route=\/wp\/v2\/product\/6204"}],"collection":[{"href":"https:\/\/tienda.csisantafe.com\/index.php?rest_route=\/wp\/v2\/product"}],"about":[{"href":"https:\/\/tienda.csisantafe.com\/index.php?rest_route=\/wp\/v2\/types\/product"}],"replies":[{"embeddable":true,"href":"https:\/\/tienda.csisantafe.com\/index.php?rest_route=%2Fwp%2Fv2%2Fcomments&post=6204"}],"version-history":[{"count":1,"href":"https:\/\/tienda.csisantafe.com\/index.php?rest_route=\/wp\/v2\/product\/6204\/revisions"}],"predecessor-version":[{"id":6206,"href":"https:\/\/tienda.csisantafe.com\/index.php?rest_route=\/wp\/v2\/product\/6204\/revisions\/6206"}],"wp:featuredmedia":[{"embeddable":true,"href":"https:\/\/tienda.csisantafe.com\/index.php?rest_route=\/wp\/v2\/media\/6205"}],"wp:attachment":[{"href":"https:\/\/tienda.csisantafe.com\/index.php?rest_route=%2Fwp%2Fv2%2Fmedia&parent=6204"}],"wp:term":[{"taxonomy":"product_cat","embeddable":true,"href":"https:\/\/tienda.csisantafe.com\/index.php?rest_route=%2Fwp%2Fv2%2Fproduct_cat&post=6204"},{"taxonomy":"product_tag","embeddable":true,"href":"https:\/\/tienda.csisantafe.com\/index.php?rest_route=%2Fwp%2Fv2%2Fproduct_tag&post=6204"}],"curies":[{"name":"wp","href":"https:\/\/api.w.org\/{rel}","templated":true}]}}