{"id":6224,"date":"2026-02-20T23:03:29","date_gmt":"2026-02-20T22:03:29","guid":{"rendered":"https:\/\/tienda.csisantafe.com\/?post_type=product&#038;p=6224"},"modified":"2026-02-20T23:09:52","modified_gmt":"2026-02-20T22:09:52","slug":"candado-con-alarma-bh-21259","status":"publish","type":"product","link":"https:\/\/tienda.csisantafe.com\/?product=candado-con-alarma-bh-21259","title":{"rendered":"Candado con Alarma BH-21259"},"content":{"rendered":"","protected":false},"excerpt":{"rendered":"<ul>\n<li>Candado de acero de alta resistencia + base de hierro con alarma &#8211; AntiRobos.<\/li>\n<li>Alarma disuasoria de 110 dB.<\/li>\n<li>Sensor ultrasensible que activa una alerta ensordecedora ante cualquier intento de manipulaci\u00f3n.<\/li>\n<li>Cuerpo de aleaci\u00f3n reforzada con certificaci\u00f3n IP65, soporta hasta 480 kg de peso y condiciones clim\u00e1ticas adversas.<\/li>\n<\/ul>\n","protected":false},"featured_media":6225,"comment_status":"open","ping_status":"closed","template":"","meta":{"site-sidebar-layout":"default","site-content-layout":"","ast-site-content-layout":"default","site-content-style":"default","site-sidebar-style":"default","ast-global-header-display":"","ast-banner-title-visibility":"","ast-main-header-display":"","ast-hfb-above-header-display":"","ast-hfb-below-header-display":"","ast-hfb-mobile-header-display":"","site-post-title":"","ast-breadcrumbs-content":"","ast-featured-img":"","footer-sml-layout":"","theme-transparent-header-meta":"default","adv-header-id-meta":"","stick-header-meta":"","header-above-stick-meta":"","header-main-stick-meta":"","header-below-stick-meta":"","astra-migrate-meta-layouts":"set"},"product_cat":[15],"product_tag":[],"aioseo_notices":[],"_links":{"self":[{"href":"https:\/\/tienda.csisantafe.com\/index.php?rest_route=\/wp\/v2\/product\/6224"}],"collection":[{"href":"https:\/\/tienda.csisantafe.com\/index.php?rest_route=\/wp\/v2\/product"}],"about":[{"href":"https:\/\/tienda.csisantafe.com\/index.php?rest_route=\/wp\/v2\/types\/product"}],"replies":[{"embeddable":true,"href":"https:\/\/tienda.csisantafe.com\/index.php?rest_route=%2Fwp%2Fv2%2Fcomments&post=6224"}],"version-history":[{"count":3,"href":"https:\/\/tienda.csisantafe.com\/index.php?rest_route=\/wp\/v2\/product\/6224\/revisions"}],"predecessor-version":[{"id":6230,"href":"https:\/\/tienda.csisantafe.com\/index.php?rest_route=\/wp\/v2\/product\/6224\/revisions\/6230"}],"wp:featuredmedia":[{"embeddable":true,"href":"https:\/\/tienda.csisantafe.com\/index.php?rest_route=\/wp\/v2\/media\/6225"}],"wp:attachment":[{"href":"https:\/\/tienda.csisantafe.com\/index.php?rest_route=%2Fwp%2Fv2%2Fmedia&parent=6224"}],"wp:term":[{"taxonomy":"product_cat","embeddable":true,"href":"https:\/\/tienda.csisantafe.com\/index.php?rest_route=%2Fwp%2Fv2%2Fproduct_cat&post=6224"},{"taxonomy":"product_tag","embeddable":true,"href":"https:\/\/tienda.csisantafe.com\/index.php?rest_route=%2Fwp%2Fv2%2Fproduct_tag&post=6224"}],"curies":[{"name":"wp","href":"https:\/\/api.w.org\/{rel}","templated":true}]}}