{"id":6244,"date":"2026-02-26T17:57:39","date_gmt":"2026-02-26T16:57:39","guid":{"rendered":"https:\/\/tienda.csisantafe.com\/?post_type=product&#038;p=6244"},"modified":"2026-03-14T02:10:41","modified_gmt":"2026-03-14T01:10:41","slug":"memoria-usb-64gb-kingston-data-traveler-exodia-m","status":"publish","type":"product","link":"https:\/\/tienda.csisantafe.com\/?product=memoria-usb-64gb-kingston-data-traveler-exodia-m","title":{"rendered":"Memoria USB 64GB Kingston Data Traveler Exodia M"},"content":{"rendered":"","protected":false},"excerpt":{"rendered":"<ul>\n<li>Marca: Kingston DataTraveler Exodia M Memoria flash USB 3.2 Gen 1 DTXM\/64GB<\/li>\n<li>Capacidad de almacenamiento: 64 GB<\/li>\n<li>Interfaz de hardware USB: 3.2 Gen 1<\/li>\n<li>Funci\u00f3n especial: Dise\u00f1o de tapa m\u00f3vil para protecci\u00f3n del conector USB<\/li>\n<li>Velocidad de escritura: 0.625 GB\/s<\/li>\n<li>Velocidad de lectura: 445 B\/s<\/li>\n<\/ul>\n","protected":false},"featured_media":6245,"comment_status":"open","ping_status":"closed","template":"","meta":{"site-sidebar-layout":"default","site-content-layout":"","ast-site-content-layout":"default","site-content-style":"default","site-sidebar-style":"default","ast-global-header-display":"","ast-banner-title-visibility":"","ast-main-header-display":"","ast-hfb-above-header-display":"","ast-hfb-below-header-display":"","ast-hfb-mobile-header-display":"","site-post-title":"","ast-breadcrumbs-content":"","ast-featured-img":"","footer-sml-layout":"","theme-transparent-header-meta":"default","adv-header-id-meta":"","stick-header-meta":"","header-above-stick-meta":"","header-main-stick-meta":"","header-below-stick-meta":"","astra-migrate-meta-layouts":"set"},"product_cat":[132],"product_tag":[],"aioseo_notices":[],"_links":{"self":[{"href":"https:\/\/tienda.csisantafe.com\/index.php?rest_route=\/wp\/v2\/product\/6244"}],"collection":[{"href":"https:\/\/tienda.csisantafe.com\/index.php?rest_route=\/wp\/v2\/product"}],"about":[{"href":"https:\/\/tienda.csisantafe.com\/index.php?rest_route=\/wp\/v2\/types\/product"}],"replies":[{"embeddable":true,"href":"https:\/\/tienda.csisantafe.com\/index.php?rest_route=%2Fwp%2Fv2%2Fcomments&post=6244"}],"version-history":[{"count":2,"href":"https:\/\/tienda.csisantafe.com\/index.php?rest_route=\/wp\/v2\/product\/6244\/revisions"}],"predecessor-version":[{"id":6249,"href":"https:\/\/tienda.csisantafe.com\/index.php?rest_route=\/wp\/v2\/product\/6244\/revisions\/6249"}],"wp:featuredmedia":[{"embeddable":true,"href":"https:\/\/tienda.csisantafe.com\/index.php?rest_route=\/wp\/v2\/media\/6245"}],"wp:attachment":[{"href":"https:\/\/tienda.csisantafe.com\/index.php?rest_route=%2Fwp%2Fv2%2Fmedia&parent=6244"}],"wp:term":[{"taxonomy":"product_cat","embeddable":true,"href":"https:\/\/tienda.csisantafe.com\/index.php?rest_route=%2Fwp%2Fv2%2Fproduct_cat&post=6244"},{"taxonomy":"product_tag","embeddable":true,"href":"https:\/\/tienda.csisantafe.com\/index.php?rest_route=%2Fwp%2Fv2%2Fproduct_tag&post=6244"}],"curies":[{"name":"wp","href":"https:\/\/api.w.org\/{rel}","templated":true}]}}