{"id":6257,"date":"2026-03-05T04:20:20","date_gmt":"2026-03-05T03:20:20","guid":{"rendered":"https:\/\/tienda.csisantafe.com\/?post_type=product&#038;p=6257"},"modified":"2026-03-05T04:20:20","modified_gmt":"2026-03-05T03:20:20","slug":"telefono-samsung-galaxy-a16-4-128gb","status":"publish","type":"product","link":"https:\/\/tienda.csisantafe.com\/?product=telefono-samsung-galaxy-a16-4-128gb","title":{"rendered":"Tel\u00e9fono Samsung Galaxy A16 4\/128GB"},"content":{"rendered":"","protected":false},"excerpt":{"rendered":"<ul>\n<li>Pantalla: Super AMOLED FHD+ de 6,7 pulgadas<\/li>\n<li>Bater\u00eda 5000 mAh con carga r\u00e1pida carga r\u00e1pida USB-C 25 W<\/li>\n<li>RAM f\u00edsica: 4GB<\/li>\n<li>C\u00e1mara trasera: 50 MP principal, 5 MP gran angular y 2 MP macro<\/li>\n<li>C\u00e1mara frontal: 13 MP<\/li>\n<li>Almacenamiento: 128GB ampliable hasta 1,5 TB<\/li>\n<li>Dual SIM, 4G LTE, NFC, Bluetooth 5.3 y Wi-Fi 5<\/li>\n<li>Certificaci\u00f3n IP54 resistente a salpicaduras y polvo<\/li>\n<\/ul>\n","protected":false},"featured_media":6258,"comment_status":"open","ping_status":"closed","template":"","meta":{"site-sidebar-layout":"default","site-content-layout":"","ast-site-content-layout":"default","site-content-style":"default","site-sidebar-style":"default","ast-global-header-display":"","ast-banner-title-visibility":"","ast-main-header-display":"","ast-hfb-above-header-display":"","ast-hfb-below-header-display":"","ast-hfb-mobile-header-display":"","site-post-title":"","ast-breadcrumbs-content":"","ast-featured-img":"","footer-sml-layout":"","theme-transparent-header-meta":"default","adv-header-id-meta":"","stick-header-meta":"","header-above-stick-meta":"","header-main-stick-meta":"","header-below-stick-meta":"","astra-migrate-meta-layouts":"set"},"product_cat":[138],"product_tag":[],"aioseo_notices":[],"_links":{"self":[{"href":"https:\/\/tienda.csisantafe.com\/index.php?rest_route=\/wp\/v2\/product\/6257"}],"collection":[{"href":"https:\/\/tienda.csisantafe.com\/index.php?rest_route=\/wp\/v2\/product"}],"about":[{"href":"https:\/\/tienda.csisantafe.com\/index.php?rest_route=\/wp\/v2\/types\/product"}],"replies":[{"embeddable":true,"href":"https:\/\/tienda.csisantafe.com\/index.php?rest_route=%2Fwp%2Fv2%2Fcomments&post=6257"}],"version-history":[{"count":1,"href":"https:\/\/tienda.csisantafe.com\/index.php?rest_route=\/wp\/v2\/product\/6257\/revisions"}],"predecessor-version":[{"id":6259,"href":"https:\/\/tienda.csisantafe.com\/index.php?rest_route=\/wp\/v2\/product\/6257\/revisions\/6259"}],"wp:featuredmedia":[{"embeddable":true,"href":"https:\/\/tienda.csisantafe.com\/index.php?rest_route=\/wp\/v2\/media\/6258"}],"wp:attachment":[{"href":"https:\/\/tienda.csisantafe.com\/index.php?rest_route=%2Fwp%2Fv2%2Fmedia&parent=6257"}],"wp:term":[{"taxonomy":"product_cat","embeddable":true,"href":"https:\/\/tienda.csisantafe.com\/index.php?rest_route=%2Fwp%2Fv2%2Fproduct_cat&post=6257"},{"taxonomy":"product_tag","embeddable":true,"href":"https:\/\/tienda.csisantafe.com\/index.php?rest_route=%2Fwp%2Fv2%2Fproduct_tag&post=6257"}],"curies":[{"name":"wp","href":"https:\/\/api.w.org\/{rel}","templated":true}]}}